{"id":376,"date":"2024-06-03T13:57:18","date_gmt":"2024-06-03T13:57:18","guid":{"rendered":"https:\/\/aperitivocafe.de\/contact-2\/"},"modified":"2026-02-26T04:56:39","modified_gmt":"2026-02-26T04:56:39","slug":"kontakt","status":"publish","type":"page","link":"https:\/\/aperitivocafe.de\/en\/kontakt\/","title":{"rendered":"Contact"},"content":{"rendered":"<div class=\"wp-block-uagb-container uagb-block-6713fa98 alignfull uagb-is-root-container\"><div class=\"uagb-container__video-wrap\"><video autoplay loop muted playsinline><source src=\"http:\/\/aperitivocafe.de\/wp-content\/uploads\/2025\/03\/Aperitiv.mov\" type=\"video\/mp4\"\/><\/video><\/div><div class=\"uagb-container-inner-blocks-wrap\">\n<div class=\"wp-block-uagb-info-box uagb-block-706f8de3 uagb-infobox__content-wrap  uagb-infobox-icon-above-title uagb-infobox-image-valign-top\"><div class=\"uagb-ifb-content\"><div class=\"uagb-ifb-title-wrap\"><h1 class=\"uagb-ifb-title\">Contact<\/h1><\/div><p class=\"uagb-ifb-desc\">We look forward to welcoming you!<\/p><\/div><\/div>\n<\/div><\/div>\n\n\n\n<div class=\"wp-block-uagb-container uagb-block-5f66b160 alignfull uagb-is-root-container\"><div class=\"uagb-container-inner-blocks-wrap\">\n<div class=\"wp-block-columns has-border-color has-white-border-color is-layout-flex wp-container-core-columns-is-layout-1 wp-block-columns-is-layout-flex\" style=\"border-width:1px;margin-top:0;margin-bottom:var(--wp--preset--spacing--70)\">\n<div class=\"wp-block-column is-layout-flow wp-block-column-is-layout-flow\" style=\"flex-basis:100%\">\n<div data-aos= \"fade-up\" data-aos-duration=\"400\" data-aos-delay=\"0\" data-aos-easing=\"ease\" data-aos-once=\"true\" class=\"wp-block-uagb-info-box uagb-block-335d7b38 uagb-infobox__content-wrap  uagb-infobox-icon-above-title uagb-infobox-image-valign-top\"><div class=\"uagb-ifb-content\"><div class=\"uagb-ifb-title-wrap\"><span class=\"uagb-ifb-title-prefix\"><strong><mark style=\"background-color:rgba(0, 0, 0, 0)\" class=\"has-inline-color has-ast-global-color-5-color\">Our location:<\/mark><\/strong><\/span><h2 class=\"uagb-ifb-title\"><a href=\"https:\/\/maps.app.goo.gl\/WiHwJx2qYz6bGnEv7\" title=\"\"><mark style=\"background-color:rgba(0, 0, 0, 0);color:#ffffff\" class=\"has-inline-color\">Stubenrauchstra\u00dfe 57<br>12161 Berlin<\/mark><\/a><\/h2><\/div><p class=\"uagb-ifb-desc\"><mark style=\"background-color:rgba(0, 0, 0, 0)\" class=\"has-inline-color has-ast-global-color-5-color\">The Aperitivo Caf\u00e9 is located at Stubenrauchstra\u00dfe 57, 12161 Berlin-Friedenau, close to Rheinstra\u00dfe. You can easily reach us by public transportation<\/mark><br><mark style=\"background-color:rgba(0, 0, 0, 0)\" class=\"has-inline-color has-ast-global-color-5-color\">:<br>\ud83d\ude86&nbsp;<strong>S-Bahn<\/strong>: S1 (<em>Bahnhof Friedenau<\/em>, ca. 5 Gehminuten)<br>\ud83d\ude8c&nbsp;<strong>Bus<\/strong>: M48, M85, 186 (<em>Breslauer Platz stop<\/em>)<br>Perfectly located for a relaxing break in a cozy atmosphere!<\/mark><\/p><\/div><\/div>\n<\/div>\n<\/div>\n<\/div><\/div>\n\n\n\n<div class=\"wp-block-uagb-container uagb-block-74ee23fa alignfull uagb-is-root-container\"><div class=\"uagb-container-inner-blocks-wrap\">\n<h2 class=\"wp-block-heading has-text-align-center\">Reservations<\/h2>\n\n\n\n<p class=\"has-text-align-center\">FOR RESERVATIONS, PLEASE MAKE SURE TO INCLUDE YOUR NAME, PHONE NUMBER, AND EMAIL ADDRESS.<br><br>Telefonisch unter <a href=\"tel:03061652588\" title=\"030 61652588\">030 61652588<\/a> oder online<\/p>\n\n\n<span class=\"glf-button-default glf-button reservation\" style='background-color:#4f7a28; color:#FFFFFF !important; font-weight:bold; font-size:15px; padding:6px; border-radius:3px; font-family:\"Arial\", sans-serif; '  data-glf-cuid=\"\" data-glf-ruid=\"22c074bb-ba58-455d-85c1-dace33b65104\" data-glf-reservation=\"true\" data-location=\"22c074bb-ba58-455d-85c1-dace33b65104\">Book a Table<\/span><script src=\"https:\/\/www.fbgcdn.com\/embedder\/js\/ewm2.js\" defer async><\/script><style> .glf-reservations-location > span{display:none;} <\/style><\/div><\/div>\n\n\n\n<div class=\"wp-block-uagb-container uagb-block-3d7db23a alignfull uagb-is-root-container\">\n<div class=\"wp-block-uagb-container uagb-block-ea10c663\">\n<div style=\"height:100px\" aria-hidden=\"true\" class=\"wp-block-spacer\"><\/div>\n\n\n\t\t\t<div \n\t\t\tclass=\"wp-block-uagb-google-map uagb-google-map__wrap uagb-block-234c2ab1\"\n\t\t\tstyle=\"\" >\n\t\t\t\t<embed\n\t\t\t\t\tclass=\"uagb-google-map__iframe\"\n\t\t\t\t\ttitle=\"Google Map for \"\n\t\t\t\t\tsrc=\"https:\/\/maps.google.com\/maps?q=Stubenrauchstra%C3%9Fe%2057%2C%2012161%20Berlin&#038;z=15&#038;hl=de&#038;t=m&#038;output=embed&#038;iwloc=near\"\n\t\t\t\t\twidth=\"640\"\n\t\t\t\t\theight=\"478\"\n\t\t\t\t\tloading=\"lazy\"\n\t\t\t\t><\/embed>\n\t\t\t<\/div>\n\t\t\t\n\n\n<div style=\"height:100px\" aria-hidden=\"true\" class=\"wp-block-spacer\"><\/div>\n<\/div>\n<\/div>\n\n\n\n<p><\/p>","protected":false},"excerpt":{"rendered":"<p>Reservierungen BEI RESERVIERUNGEN BITTEN WIR SIE, UNBEDINGT IHREN NAMEN, TELEFONNUMMER UND E-MAIL-ADRESSE ANZUGEBEN. Telefonisch unter 030 61652588 oder online<\/p>","protected":false},"author":1,"featured_media":0,"parent":0,"menu_order":0,"comment_status":"closed","ping_status":"closed","template":"","meta":{"om_disable_all_campaigns":false,"_uag_custom_page_level_css":"","_monsterinsights_skip_tracking":false,"_monsterinsights_sitenote_active":false,"_monsterinsights_sitenote_note":"","_monsterinsights_sitenote_category":0,"site-sidebar-layout":"no-sidebar","site-content-layout":"plain-container","ast-site-content-layout":"normal-width-container","site-content-style":"unboxed","site-sidebar-style":"unboxed","ast-global-header-display":"","ast-banner-title-visibility":"","ast-main-header-display":"","ast-hfb-above-header-display":"","ast-hfb-below-header-display":"","ast-hfb-mobile-header-display":"","site-post-title":"disabled","ast-breadcrumbs-content":"","ast-featured-img":"disabled","footer-sml-layout":"","theme-transparent-header-meta":"enabled","adv-header-id-meta":"","stick-header-meta":"","header-above-stick-meta":"","header-main-stick-meta":"","header-below-stick-meta":"","astra-migrate-meta-layouts":"set","ast-page-background-enabled":"default","ast-page-background-meta":{"desktop":{"background-color":"","background-image":"","background-repeat":"repeat","background-position":"center center","background-size":"auto","background-attachment":"scroll","background-type":"","background-media":"","overlay-type":"","overlay-color":"","overlay-opacity":"","overlay-gradient":""},"tablet":{"background-color":"","background-image":"","background-repeat":"repeat","background-position":"center center","background-size":"auto","background-attachment":"scroll","background-type":"","background-media":"","overlay-type":"","overlay-color":"","overlay-opacity":"","overlay-gradient":""},"mobile":{"background-color":"","background-image":"","background-repeat":"repeat","background-position":"center center","background-size":"auto","background-attachment":"scroll","background-type":"","background-media":"","overlay-type":"","overlay-color":"","overlay-opacity":"","overlay-gradient":""}},"ast-content-background-meta":{"desktop":{"background-color":"var(--ast-global-color-5)","background-image":"","background-repeat":"repeat","background-position":"center center","background-size":"auto","background-attachment":"scroll","background-type":"","background-media":"","overlay-type":"","overlay-color":"","overlay-opacity":"","overlay-gradient":""},"tablet":{"background-color":"var(--ast-global-color-5)","background-image":"","background-repeat":"repeat","background-position":"center center","background-size":"auto","background-attachment":"scroll","background-type":"","background-media":"","overlay-type":"","overlay-color":"","overlay-opacity":"","overlay-gradient":""},"mobile":{"background-color":"var(--ast-global-color-5)","background-image":"","background-repeat":"repeat","background-position":"center center","background-size":"auto","background-attachment":"scroll","background-type":"","background-media":"","overlay-type":"","overlay-color":"","overlay-opacity":"","overlay-gradient":""}},"footnotes":""},"class_list":["post-376","page","type-page","status-publish","hentry"],"aioseo_notices":[],"uagb_featured_image_src":{"full":false,"thumbnail":false,"medium":false,"medium_large":false,"large":false,"1536x1536":false,"2048x2048":false,"trp-custom-language-flag":false},"uagb_author_info":{"display_name":"aperitivocafe.de","author_link":"https:\/\/aperitivocafe.de\/en\/author\/mittmanns-com\/"},"uagb_comment_info":0,"uagb_excerpt":"Reservierungen BEI RESERVIERUNGEN BITTEN WIR SIE, UNBEDINGT IHREN NAMEN, TELEFONNUMMER UND E-MAIL-ADRESSE ANZUGEBEN. Telefonisch unter 030 61652588 oder online","_links":{"self":[{"href":"https:\/\/aperitivocafe.de\/en\/wp-json\/wp\/v2\/pages\/376","targetHints":{"allow":["GET"]}}],"collection":[{"href":"https:\/\/aperitivocafe.de\/en\/wp-json\/wp\/v2\/pages"}],"about":[{"href":"https:\/\/aperitivocafe.de\/en\/wp-json\/wp\/v2\/types\/page"}],"author":[{"embeddable":true,"href":"https:\/\/aperitivocafe.de\/en\/wp-json\/wp\/v2\/users\/1"}],"replies":[{"embeddable":true,"href":"https:\/\/aperitivocafe.de\/en\/wp-json\/wp\/v2\/comments?post=376"}],"version-history":[{"count":46,"href":"https:\/\/aperitivocafe.de\/en\/wp-json\/wp\/v2\/pages\/376\/revisions"}],"predecessor-version":[{"id":1969,"href":"https:\/\/aperitivocafe.de\/en\/wp-json\/wp\/v2\/pages\/376\/revisions\/1969"}],"wp:attachment":[{"href":"https:\/\/aperitivocafe.de\/en\/wp-json\/wp\/v2\/media?parent=376"}],"curies":[{"name":"wp","href":"https:\/\/api.w.org\/{rel}","templated":true}]}}